{"id":1389,"date":"2023-07-03T13:15:50","date_gmt":"2023-07-03T11:15:50","guid":{"rendered":"https:\/\/silviarico.com\/silvia-rico\/"},"modified":"2023-10-31T13:50:55","modified_gmt":"2023-10-31T12:50:55","slug":"silvia-rico","status":"publish","type":"page","link":"https:\/\/silviarico.com\/ca\/silvia-rico\/","title":{"rendered":"Silvia Rico"},"content":{"rendered":"\t\t<div data-elementor-type=\"wp-page\" data-elementor-id=\"1389\" class=\"elementor elementor-1389 elementor-1232\" data-elementor-post-type=\"page\">\n\t\t\t\t\t\t<section class=\"elementor-section elementor-top-section elementor-element elementor-element-405a6aa elementor-section-boxed elementor-section-height-default elementor-section-height-default\" data-id=\"405a6aa\" data-element_type=\"section\" data-e-type=\"section\">\n\t\t\t\t\t\t<div class=\"elementor-container elementor-column-gap-default\">\n\t\t\t\t\t<div class=\"elementor-column elementor-col-100 elementor-top-column elementor-element elementor-element-77eec52\" data-id=\"77eec52\" data-element_type=\"column\" data-e-type=\"column\">\n\t\t\t<div class=\"elementor-widget-wrap elementor-element-populated\">\n\t\t\t\t\t\t<section class=\"elementor-section elementor-inner-section elementor-element elementor-element-d786a1d elementor-section-boxed elementor-section-height-default elementor-section-height-default\" data-id=\"d786a1d\" data-element_type=\"section\" data-e-type=\"section\">\n\t\t\t\t\t\t<div class=\"elementor-container elementor-column-gap-default\">\n\t\t\t\t\t<div class=\"elementor-column elementor-col-50 elementor-inner-column elementor-element elementor-element-d4eadb5\" data-id=\"d4eadb5\" data-element_type=\"column\" data-e-type=\"column\">\n\t\t\t<div class=\"elementor-widget-wrap elementor-element-populated\">\n\t\t\t\t\t\t<div class=\"elementor-element elementor-element-7e57da3 elementor-widget elementor-widget-image\" data-id=\"7e57da3\" data-element_type=\"widget\" data-e-type=\"widget\" data-widget_type=\"image.default\">\n\t\t\t\t<div class=\"elementor-widget-container\">\n\t\t\t\t\t\t\t\t\t\t\t\t\t\t\t<img fetchpriority=\"high\" decoding=\"async\" width=\"675\" height=\"960\" src=\"https:\/\/silviarico.com\/wp-content\/uploads\/2023\/10\/PORTADASilviaRico.jpg\" class=\"attachment-full size-full wp-image-1513\" alt=\"Silvia Rico\" srcset=\"https:\/\/silviarico.com\/wp-content\/uploads\/2023\/10\/PORTADASilviaRico.jpg 675w, https:\/\/silviarico.com\/wp-content\/uploads\/2023\/10\/PORTADASilviaRico-211x300.jpg 211w\" sizes=\"(max-width: 675px) 100vw, 675px\" \/>\t\t\t\t\t\t\t\t\t\t\t\t\t\t\t<\/div>\n\t\t\t\t<\/div>\n\t\t\t\t\t<\/div>\n\t\t<\/div>\n\t\t\t\t<div class=\"elementor-column elementor-col-50 elementor-inner-column elementor-element elementor-element-a8e31b1\" data-id=\"a8e31b1\" data-element_type=\"column\" data-e-type=\"column\">\n\t\t\t<div class=\"elementor-widget-wrap elementor-element-populated\">\n\t\t\t\t\t\t<div class=\"elementor-element elementor-element-ceb4bb4 elementor-widget elementor-widget-heading\" data-id=\"ceb4bb4\" data-element_type=\"widget\" data-e-type=\"widget\" data-widget_type=\"heading.default\">\n\t\t\t\t<div class=\"elementor-widget-container\">\n\t\t\t\t\t<h2 class=\"elementor-heading-title elementor-size-default\">Silvia Rico<\/h2>\t\t\t\t<\/div>\n\t\t\t\t<\/div>\n\t\t\t\t<div class=\"elementor-element elementor-element-e7a0a44 elementor-widget elementor-widget-text-editor\" data-id=\"e7a0a44\" data-element_type=\"widget\" data-e-type=\"widget\" data-widget_type=\"text-editor.default\">\n\t\t\t\t<div class=\"elementor-widget-container\">\n\t\t\t\t\t\t\t\t\t<p>Et dono suport i t&#8217;acompanyo per a connectar amb la teva ess\u00e8ncia i trobar el teu equilibri. Et sentir\u00e0s millor, m\u00e9s fort, m\u00e9s optimista, m\u00e9s feli\u00e7, m\u00e9s en pau.<\/p>\n\t\t\t\t\t\t\t\t<\/div>\n\t\t\t\t<\/div>\n\t\t\t\t<div class=\"elementor-element elementor-element-bd2d0a7 elementor-widget elementor-widget-heading\" data-id=\"bd2d0a7\" data-element_type=\"widget\" data-e-type=\"widget\" data-widget_type=\"heading.default\">\n\t\t\t\t<div class=\"elementor-widget-container\">\n\t\t\t\t\t<h2 class=\"elementor-heading-title elementor-size-default\">Valors<\/h2>\t\t\t\t<\/div>\n\t\t\t\t<\/div>\n\t\t\t\t<div class=\"elementor-element elementor-element-d01c01b elementor-widget elementor-widget-text-editor\" data-id=\"d01c01b\" data-element_type=\"widget\" data-e-type=\"widget\" data-widget_type=\"text-editor.default\">\n\t\t\t\t<div class=\"elementor-widget-container\">\n\t\t\t\t\t\t\t\t\t<p><strong>COMPANYONIA<\/strong>. Respecte, no judici, escolta activa, empatia cap al que l&#8217;altra persona t&#8217;est\u00e0 explicant, comunicaci\u00f3 definida, clara i directa.<\/p>\n<p><strong>PRES\u00c8NCIA<\/strong>. Soc aqu\u00ed amb tota la meva energia per a tu.<\/p>\n<p><strong>NO JUTJAR<\/strong>. Obrir la ment amb llibertat de ser una mateixa sense judicis.<\/p>\n<p><strong>COMPROM\u00cdS<\/strong>. Passi el que passi SOC aqu\u00ed.<\/p>\n\t\t\t\t\t\t\t\t<\/div>\n\t\t\t\t<\/div>\n\t\t\t\t\t<\/div>\n\t\t<\/div>\n\t\t\t\t\t<\/div>\n\t\t<\/section>\n\t\t\t\t\t<\/div>\n\t\t<\/div>\n\t\t\t\t\t<\/div>\n\t\t<\/section>\n\t\t\t\t<section class=\"elementor-section elementor-top-section elementor-element elementor-element-12cbcec elementor-section-boxed elementor-section-height-default elementor-section-height-default\" data-id=\"12cbcec\" data-element_type=\"section\" data-e-type=\"section\">\n\t\t\t\t\t\t<div class=\"elementor-container elementor-column-gap-default\">\n\t\t\t\t\t<div class=\"elementor-column elementor-col-100 elementor-top-column elementor-element elementor-element-e1ef410\" data-id=\"e1ef410\" data-element_type=\"column\" data-e-type=\"column\">\n\t\t\t<div class=\"elementor-widget-wrap elementor-element-populated\">\n\t\t\t\t\t\t<div class=\"elementor-element elementor-element-cb4999b elementor-widget elementor-widget-heading\" data-id=\"cb4999b\" data-element_type=\"widget\" data-e-type=\"widget\" data-widget_type=\"heading.default\">\n\t\t\t\t<div class=\"elementor-widget-container\">\n\t\t\t\t\t<h2 class=\"elementor-heading-title elementor-size-default\">Els meus talents<\/h2>\t\t\t\t<\/div>\n\t\t\t\t<\/div>\n\t\t\t\t<div class=\"elementor-element elementor-element-bdd42bc elementor-icon-list--layout-traditional elementor-list-item-link-full_width elementor-widget elementor-widget-icon-list\" data-id=\"bdd42bc\" data-element_type=\"widget\" data-e-type=\"widget\" data-widget_type=\"icon-list.default\">\n\t\t\t\t<div class=\"elementor-widget-container\">\n\t\t\t\t\t\t\t<ul class=\"elementor-icon-list-items\">\n\t\t\t\t\t\t\t<li class=\"elementor-icon-list-item\">\n\t\t\t\t\t\t\t\t\t\t\t<span class=\"elementor-icon-list-icon\">\n\t\t\t\t\t\t\t<i aria-hidden=\"true\" class=\"fas fa-circle\"><\/i>\t\t\t\t\t\t<\/span>\n\t\t\t\t\t\t\t\t\t\t<span class=\"elementor-icon-list-text\">Ajudar la persones a connectar i expressar-se des de l'\u00e0nima.<\/span>\n\t\t\t\t\t\t\t\t\t<\/li>\n\t\t\t\t\t\t\t\t<li class=\"elementor-icon-list-item\">\n\t\t\t\t\t\t\t\t\t\t\t<span class=\"elementor-icon-list-icon\">\n\t\t\t\t\t\t\t<i aria-hidden=\"true\" class=\"fas fa-circle\"><\/i>\t\t\t\t\t\t<\/span>\n\t\t\t\t\t\t\t\t\t\t<span class=\"elementor-icon-list-text\">Ser amorosa i Cuidar a l'altra persona en els aspectes f\u00edsic, emocional i espiritual.<\/span>\n\t\t\t\t\t\t\t\t\t<\/li>\n\t\t\t\t\t\t\t\t<li class=\"elementor-icon-list-item\">\n\t\t\t\t\t\t\t\t\t\t\t<span class=\"elementor-icon-list-icon\">\n\t\t\t\t\t\t\t<i aria-hidden=\"true\" class=\"fas fa-circle\"><\/i>\t\t\t\t\t\t<\/span>\n\t\t\t\t\t\t\t\t\t\t<span class=\"elementor-icon-list-text\">Crear l'espai (f\u00edsic i energ\u00e8tic) de cures m\u00e9s favorable per al seu canvi.<\/span>\n\t\t\t\t\t\t\t\t\t<\/li>\n\t\t\t\t\t\t\t\t<li class=\"elementor-icon-list-item\">\n\t\t\t\t\t\t\t\t\t\t\t<span class=\"elementor-icon-list-icon\">\n\t\t\t\t\t\t\t<i aria-hidden=\"true\" class=\"fas fa-circle\"><\/i>\t\t\t\t\t\t<\/span>\n\t\t\t\t\t\t\t\t\t\t<span class=\"elementor-icon-list-text\">Portar equips: gestionar a les persones, veure els dons de cada persona, cuidar l'ambient de treball, dirigir sense ser autorit\u00e0ria.<\/span>\n\t\t\t\t\t\t\t\t\t<\/li>\n\t\t\t\t\t\t\t\t<li class=\"elementor-icon-list-item\">\n\t\t\t\t\t\t\t\t\t\t\t<span class=\"elementor-icon-list-icon\">\n\t\t\t\t\t\t\t<i aria-hidden=\"true\" class=\"fas fa-circle\"><\/i>\t\t\t\t\t\t<\/span>\n\t\t\t\t\t\t\t\t\t\t<span class=\"elementor-icon-list-text\">Curiositat innata: aprendre i provar coses noves m'apassiona.<\/span>\n\t\t\t\t\t\t\t\t\t<\/li>\n\t\t\t\t\t\t\t\t<li class=\"elementor-icon-list-item\">\n\t\t\t\t\t\t\t\t\t\t\t<span class=\"elementor-icon-list-icon\">\n\t\t\t\t\t\t\t<i aria-hidden=\"true\" class=\"fas fa-circle\"><\/i>\t\t\t\t\t\t<\/span>\n\t\t\t\t\t\t\t\t\t\t<span class=\"elementor-icon-list-text\">Perseveran\u00e7a a l'hora d'aconseguir el meu objectiu de construir la meva pau i la dels quals m'envolten.<\/span>\n\t\t\t\t\t\t\t\t\t<\/li>\n\t\t\t\t\t\t\t\t<li class=\"elementor-icon-list-item\">\n\t\t\t\t\t\t\t\t\t\t\t<span class=\"elementor-icon-list-icon\">\n\t\t\t\t\t\t\t<i aria-hidden=\"true\" class=\"fas fa-circle\"><\/i>\t\t\t\t\t\t<\/span>\n\t\t\t\t\t\t\t\t\t\t<span class=\"elementor-icon-list-text\">Gratitud: agraeixo totes les oportunitats que m'ha donat la vida per a desenvolupar la meva sensibilitat; deixo anar i accepto; estimo el que \u00e9s.<\/span>\n\t\t\t\t\t\t\t\t\t<\/li>\n\t\t\t\t\t\t\t\t<li class=\"elementor-icon-list-item\">\n\t\t\t\t\t\t\t\t\t\t\t<span class=\"elementor-icon-list-icon\">\n\t\t\t\t\t\t\t<i aria-hidden=\"true\" class=\"fas fa-circle\"><\/i>\t\t\t\t\t\t<\/span>\n\t\t\t\t\t\t\t\t\t\t<span class=\"elementor-icon-list-text\">Esperan\u00e7a i confiar que tota aportaci\u00f3 suma.<\/span>\n\t\t\t\t\t\t\t\t\t<\/li>\n\t\t\t\t\t\t\t\t<li class=\"elementor-icon-list-item\">\n\t\t\t\t\t\t\t\t\t\t\t<span class=\"elementor-icon-list-icon\">\n\t\t\t\t\t\t\t<i aria-hidden=\"true\" class=\"fas fa-circle\"><\/i>\t\t\t\t\t\t<\/span>\n\t\t\t\t\t\t\t\t\t\t<span class=\"elementor-icon-list-text\">Sensibilitat com a eina de superviv\u00e8ncia que em dona la percepci\u00f3 de veure les necessitats dels altres.<\/span>\n\t\t\t\t\t\t\t\t\t<\/li>\n\t\t\t\t\t\t\t\t<li class=\"elementor-icon-list-item\">\n\t\t\t\t\t\t\t\t\t\t\t<span class=\"elementor-icon-list-icon\">\n\t\t\t\t\t\t\t<i aria-hidden=\"true\" class=\"fas fa-circle\"><\/i>\t\t\t\t\t\t<\/span>\n\t\t\t\t\t\t\t\t\t\t<span class=\"elementor-icon-list-text\">Poder de decisi\u00f3: quan ho veig clar, ho veig clar\u00edssim.<\/span>\n\t\t\t\t\t\t\t\t\t<\/li>\n\t\t\t\t\t\t\t\t<li class=\"elementor-icon-list-item\">\n\t\t\t\t\t\t\t\t\t\t\t<span class=\"elementor-icon-list-icon\">\n\t\t\t\t\t\t\t<i aria-hidden=\"true\" class=\"fas fa-circle\"><\/i>\t\t\t\t\t\t<\/span>\n\t\t\t\t\t\t\t\t\t\t<span class=\"elementor-icon-list-text\">Ajudar a prendre consci\u00e8ncia.<\/span>\n\t\t\t\t\t\t\t\t\t<\/li>\n\t\t\t\t\t\t\t\t<li class=\"elementor-icon-list-item\">\n\t\t\t\t\t\t\t\t\t\t\t<span class=\"elementor-icon-list-icon\">\n\t\t\t\t\t\t\t<i aria-hidden=\"true\" class=\"fas fa-circle\"><\/i>\t\t\t\t\t\t<\/span>\n\t\t\t\t\t\t\t\t\t\t<span class=\"elementor-icon-list-text\">Llevar c\u00e0rrega i omplir d'energia.<\/span>\n\t\t\t\t\t\t\t\t\t<\/li>\n\t\t\t\t\t\t<\/ul>\n\t\t\t\t\t\t<\/div>\n\t\t\t\t<\/div>\n\t\t\t\t\t<\/div>\n\t\t<\/div>\n\t\t\t\t\t<\/div>\n\t\t<\/section>\n\t\t\t\t<section class=\"elementor-section elementor-top-section elementor-element elementor-element-ce1e3b1 elementor-section-boxed elementor-section-height-default elementor-section-height-default\" data-id=\"ce1e3b1\" data-element_type=\"section\" data-e-type=\"section\">\n\t\t\t\t\t\t<div class=\"elementor-container elementor-column-gap-default\">\n\t\t\t\t\t<div class=\"elementor-column elementor-col-100 elementor-top-column elementor-element elementor-element-f8df4cc\" data-id=\"f8df4cc\" data-element_type=\"column\" data-e-type=\"column\">\n\t\t\t<div class=\"elementor-widget-wrap elementor-element-populated\">\n\t\t\t\t\t\t<div class=\"elementor-element elementor-element-ded039e elementor-widget elementor-widget-video\" data-id=\"ded039e\" data-element_type=\"widget\" data-e-type=\"widget\" data-settings=\"{&quot;youtube_url&quot;:&quot;https:\\\/\\\/www.youtube.com\\\/watch?v=XHOmBV4js_E&quot;,&quot;video_type&quot;:&quot;youtube&quot;,&quot;controls&quot;:&quot;yes&quot;}\" data-widget_type=\"video.default\">\n\t\t\t\t<div class=\"elementor-widget-container\">\n\t\t\t\t\t\t\t<div class=\"elementor-wrapper elementor-open-inline\">\n\t\t\t<div class=\"elementor-video\"><\/div>\t\t<\/div>\n\t\t\t\t\t\t<\/div>\n\t\t\t\t<\/div>\n\t\t\t\t\t<\/div>\n\t\t<\/div>\n\t\t\t\t\t<\/div>\n\t\t<\/section>\n\t\t\t\t<\/div>\n\t\t","protected":false},"excerpt":{"rendered":"<p>Silvia Rico Et dono suport i t&#8217;acompanyo per a connectar amb la teva ess\u00e8ncia i trobar el teu equilibri. Et sentir\u00e0s millor, m\u00e9s fort, m\u00e9s optimista, m\u00e9s feli\u00e7, m\u00e9s en pau. Valors COMPANYONIA. Respecte, no judici, escolta activa, empatia cap al que l&#8217;altra persona t&#8217;est\u00e0 explicant, comunicaci\u00f3 definida, clara i directa. PRES\u00c8NCIA. Soc aqu\u00ed amb &#8230; <a title=\"Silvia Rico\" class=\"read-more\" href=\"https:\/\/silviarico.com\/ca\/silvia-rico\/\" aria-label=\"M\u00e9s sobre Silvia Rico\">Llegiu m\u00e9s<\/a><\/p>\n","protected":false},"author":1,"featured_media":0,"parent":0,"menu_order":0,"comment_status":"closed","ping_status":"closed","template":"","meta":{"footnotes":""},"class_list":["post-1389","page","type-page","status-publish"],"yoast_head":"<!-- This site is optimized with the Yoast SEO plugin v27.4 - https:\/\/yoast.com\/product\/yoast-seo-wordpress\/ -->\n<title>Silvia Rico - Silvia Rico<\/title>\n<meta name=\"robots\" content=\"index, follow, max-snippet:-1, max-image-preview:large, max-video-preview:-1\" \/>\n<link rel=\"canonical\" href=\"https:\/\/silviarico.com\/silvia-rico\/\" \/>\n<meta property=\"og:locale\" content=\"ca_ES\" \/>\n<meta property=\"og:type\" content=\"article\" \/>\n<meta property=\"og:title\" content=\"Silvia Rico - Silvia Rico\" \/>\n<meta property=\"og:description\" content=\"Silvia Rico Et dono suport i t&#8217;acompanyo per a connectar amb la teva ess\u00e8ncia i trobar el teu equilibri. Et sentir\u00e0s millor, m\u00e9s fort, m\u00e9s optimista, m\u00e9s feli\u00e7, m\u00e9s en pau. Valors COMPANYONIA. Respecte, no judici, escolta activa, empatia cap al que l&#8217;altra persona t&#8217;est\u00e0 explicant, comunicaci\u00f3 definida, clara i directa. PRES\u00c8NCIA. Soc aqu\u00ed amb ... Llegiu m\u00e9s\" \/>\n<meta property=\"og:url\" content=\"https:\/\/silviarico.com\/silvia-rico\/\" \/>\n<meta property=\"og:site_name\" content=\"Silvia Rico\" \/>\n<meta property=\"article:modified_time\" content=\"2023-10-31T12:50:55+00:00\" \/>\n<meta property=\"og:image\" content=\"https:\/\/silviarico.com\/wp-content\/uploads\/2023\/10\/PORTADASilviaRico.jpg\" \/>\n<meta name=\"twitter:card\" content=\"summary_large_image\" \/>\n<meta name=\"twitter:label1\" content=\"Temps estimat de lectura\" \/>\n\t<meta name=\"twitter:data1\" content=\"1 minut\" \/>\n<script type=\"application\/ld+json\" class=\"yoast-schema-graph\">{\"@context\":\"https:\\\/\\\/schema.org\",\"@graph\":[{\"@type\":\"WebPage\",\"@id\":\"https:\\\/\\\/silviarico.com\\\/silvia-rico\\\/\",\"url\":\"https:\\\/\\\/silviarico.com\\\/silvia-rico\\\/\",\"name\":\"Silvia Rico - Silvia Rico\",\"isPartOf\":{\"@id\":\"https:\\\/\\\/silviarico.com\\\/#website\"},\"primaryImageOfPage\":{\"@id\":\"https:\\\/\\\/silviarico.com\\\/silvia-rico\\\/#primaryimage\"},\"image\":{\"@id\":\"https:\\\/\\\/silviarico.com\\\/silvia-rico\\\/#primaryimage\"},\"thumbnailUrl\":\"https:\\\/\\\/silviarico.com\\\/wp-content\\\/uploads\\\/2023\\\/10\\\/PORTADASilviaRico.jpg\",\"datePublished\":\"2023-07-03T11:15:50+00:00\",\"dateModified\":\"2023-10-31T12:50:55+00:00\",\"breadcrumb\":{\"@id\":\"https:\\\/\\\/silviarico.com\\\/silvia-rico\\\/#breadcrumb\"},\"inLanguage\":\"ca\",\"potentialAction\":[{\"@type\":\"ReadAction\",\"target\":[\"https:\\\/\\\/silviarico.com\\\/silvia-rico\\\/\"]}]},{\"@type\":\"ImageObject\",\"inLanguage\":\"ca\",\"@id\":\"https:\\\/\\\/silviarico.com\\\/silvia-rico\\\/#primaryimage\",\"url\":\"https:\\\/\\\/silviarico.com\\\/wp-content\\\/uploads\\\/2023\\\/10\\\/PORTADASilviaRico.jpg\",\"contentUrl\":\"https:\\\/\\\/silviarico.com\\\/wp-content\\\/uploads\\\/2023\\\/10\\\/PORTADASilviaRico.jpg\"},{\"@type\":\"BreadcrumbList\",\"@id\":\"https:\\\/\\\/silviarico.com\\\/silvia-rico\\\/#breadcrumb\",\"itemListElement\":[{\"@type\":\"ListItem\",\"position\":1,\"name\":\"Portada\",\"item\":\"https:\\\/\\\/silviarico.com\\\/ca\\\/inici\\\/\"},{\"@type\":\"ListItem\",\"position\":2,\"name\":\"Silvia Rico\"}]},{\"@type\":\"WebSite\",\"@id\":\"https:\\\/\\\/silviarico.com\\\/#website\",\"url\":\"https:\\\/\\\/silviarico.com\\\/\",\"name\":\"Silvia Rico\",\"description\":\"S\u00f3lo otro sitio de WordPress\",\"publisher\":{\"@id\":\"https:\\\/\\\/silviarico.com\\\/#organization\"},\"potentialAction\":[{\"@type\":\"SearchAction\",\"target\":{\"@type\":\"EntryPoint\",\"urlTemplate\":\"https:\\\/\\\/silviarico.com\\\/?s={search_term_string}\"},\"query-input\":{\"@type\":\"PropertyValueSpecification\",\"valueRequired\":true,\"valueName\":\"search_term_string\"}}],\"inLanguage\":\"ca\"},{\"@type\":\"Organization\",\"@id\":\"https:\\\/\\\/silviarico.com\\\/#organization\",\"name\":\"Silvia Rico\",\"url\":\"https:\\\/\\\/silviarico.com\\\/\",\"logo\":{\"@type\":\"ImageObject\",\"inLanguage\":\"ca\",\"@id\":\"https:\\\/\\\/silviarico.com\\\/#\\\/schema\\\/logo\\\/image\\\/\",\"url\":\"https:\\\/\\\/silviarico.com\\\/wp-content\\\/uploads\\\/2023\\\/07\\\/LOGOsilviaRICOok.png\",\"contentUrl\":\"https:\\\/\\\/silviarico.com\\\/wp-content\\\/uploads\\\/2023\\\/07\\\/LOGOsilviaRICOok.png\",\"width\":600,\"height\":292,\"caption\":\"Silvia Rico\"},\"image\":{\"@id\":\"https:\\\/\\\/silviarico.com\\\/#\\\/schema\\\/logo\\\/image\\\/\"}}]}<\/script>\n<!-- \/ Yoast SEO plugin. -->","yoast_head_json":{"title":"Silvia Rico - Silvia Rico","robots":{"index":"index","follow":"follow","max-snippet":"max-snippet:-1","max-image-preview":"max-image-preview:large","max-video-preview":"max-video-preview:-1"},"canonical":"https:\/\/silviarico.com\/silvia-rico\/","og_locale":"ca_ES","og_type":"article","og_title":"Silvia Rico - Silvia Rico","og_description":"Silvia Rico Et dono suport i t&#8217;acompanyo per a connectar amb la teva ess\u00e8ncia i trobar el teu equilibri. Et sentir\u00e0s millor, m\u00e9s fort, m\u00e9s optimista, m\u00e9s feli\u00e7, m\u00e9s en pau. Valors COMPANYONIA. Respecte, no judici, escolta activa, empatia cap al que l&#8217;altra persona t&#8217;est\u00e0 explicant, comunicaci\u00f3 definida, clara i directa. PRES\u00c8NCIA. Soc aqu\u00ed amb ... Llegiu m\u00e9s","og_url":"https:\/\/silviarico.com\/silvia-rico\/","og_site_name":"Silvia Rico","article_modified_time":"2023-10-31T12:50:55+00:00","og_image":[{"url":"https:\/\/silviarico.com\/wp-content\/uploads\/2023\/10\/PORTADASilviaRico.jpg","type":"","width":"","height":""}],"twitter_card":"summary_large_image","twitter_misc":{"Temps estimat de lectura":"1 minut"},"schema":{"@context":"https:\/\/schema.org","@graph":[{"@type":"WebPage","@id":"https:\/\/silviarico.com\/silvia-rico\/","url":"https:\/\/silviarico.com\/silvia-rico\/","name":"Silvia Rico - Silvia Rico","isPartOf":{"@id":"https:\/\/silviarico.com\/#website"},"primaryImageOfPage":{"@id":"https:\/\/silviarico.com\/silvia-rico\/#primaryimage"},"image":{"@id":"https:\/\/silviarico.com\/silvia-rico\/#primaryimage"},"thumbnailUrl":"https:\/\/silviarico.com\/wp-content\/uploads\/2023\/10\/PORTADASilviaRico.jpg","datePublished":"2023-07-03T11:15:50+00:00","dateModified":"2023-10-31T12:50:55+00:00","breadcrumb":{"@id":"https:\/\/silviarico.com\/silvia-rico\/#breadcrumb"},"inLanguage":"ca","potentialAction":[{"@type":"ReadAction","target":["https:\/\/silviarico.com\/silvia-rico\/"]}]},{"@type":"ImageObject","inLanguage":"ca","@id":"https:\/\/silviarico.com\/silvia-rico\/#primaryimage","url":"https:\/\/silviarico.com\/wp-content\/uploads\/2023\/10\/PORTADASilviaRico.jpg","contentUrl":"https:\/\/silviarico.com\/wp-content\/uploads\/2023\/10\/PORTADASilviaRico.jpg"},{"@type":"BreadcrumbList","@id":"https:\/\/silviarico.com\/silvia-rico\/#breadcrumb","itemListElement":[{"@type":"ListItem","position":1,"name":"Portada","item":"https:\/\/silviarico.com\/ca\/inici\/"},{"@type":"ListItem","position":2,"name":"Silvia Rico"}]},{"@type":"WebSite","@id":"https:\/\/silviarico.com\/#website","url":"https:\/\/silviarico.com\/","name":"Silvia Rico","description":"S\u00f3lo otro sitio de WordPress","publisher":{"@id":"https:\/\/silviarico.com\/#organization"},"potentialAction":[{"@type":"SearchAction","target":{"@type":"EntryPoint","urlTemplate":"https:\/\/silviarico.com\/?s={search_term_string}"},"query-input":{"@type":"PropertyValueSpecification","valueRequired":true,"valueName":"search_term_string"}}],"inLanguage":"ca"},{"@type":"Organization","@id":"https:\/\/silviarico.com\/#organization","name":"Silvia Rico","url":"https:\/\/silviarico.com\/","logo":{"@type":"ImageObject","inLanguage":"ca","@id":"https:\/\/silviarico.com\/#\/schema\/logo\/image\/","url":"https:\/\/silviarico.com\/wp-content\/uploads\/2023\/07\/LOGOsilviaRICOok.png","contentUrl":"https:\/\/silviarico.com\/wp-content\/uploads\/2023\/07\/LOGOsilviaRICOok.png","width":600,"height":292,"caption":"Silvia Rico"},"image":{"@id":"https:\/\/silviarico.com\/#\/schema\/logo\/image\/"}}]}},"_links":{"self":[{"href":"https:\/\/silviarico.com\/ca\/wp-json\/wp\/v2\/pages\/1389","targetHints":{"allow":["GET"]}}],"collection":[{"href":"https:\/\/silviarico.com\/ca\/wp-json\/wp\/v2\/pages"}],"about":[{"href":"https:\/\/silviarico.com\/ca\/wp-json\/wp\/v2\/types\/page"}],"author":[{"embeddable":true,"href":"https:\/\/silviarico.com\/ca\/wp-json\/wp\/v2\/users\/1"}],"replies":[{"embeddable":true,"href":"https:\/\/silviarico.com\/ca\/wp-json\/wp\/v2\/comments?post=1389"}],"version-history":[{"count":2,"href":"https:\/\/silviarico.com\/ca\/wp-json\/wp\/v2\/pages\/1389\/revisions"}],"predecessor-version":[{"id":1537,"href":"https:\/\/silviarico.com\/ca\/wp-json\/wp\/v2\/pages\/1389\/revisions\/1537"}],"wp:attachment":[{"href":"https:\/\/silviarico.com\/ca\/wp-json\/wp\/v2\/media?parent=1389"}],"curies":[{"name":"wp","href":"https:\/\/api.w.org\/{rel}","templated":true}]}}