{"id":1396,"date":"2023-07-03T16:56:52","date_gmt":"2023-07-03T14:56:52","guid":{"rendered":"https:\/\/silviarico.com\/terapies\/"},"modified":"2023-10-31T13:48:08","modified_gmt":"2023-10-31T12:48:08","slug":"terapies","status":"publish","type":"page","link":"https:\/\/silviarico.com\/ca\/terapies\/","title":{"rendered":"Ter\u00e0pies"},"content":{"rendered":"\t\t<div data-elementor-type=\"wp-page\" data-elementor-id=\"1396\" class=\"elementor elementor-1396 elementor-1262\" data-elementor-post-type=\"page\">\n\t\t\t\t\t\t<section class=\"elementor-section elementor-top-section elementor-element elementor-element-e1dd910 elementor-section-full_width elementor-section-height-default elementor-section-height-default\" data-id=\"e1dd910\" data-element_type=\"section\" data-e-type=\"section\">\n\t\t\t\t\t\t<div class=\"elementor-container elementor-column-gap-no\">\n\t\t\t\t\t<div class=\"elementor-column elementor-col-33 elementor-top-column elementor-element elementor-element-1873b51\" data-id=\"1873b51\" data-element_type=\"column\" data-e-type=\"column\">\n\t\t\t<div class=\"elementor-widget-wrap elementor-element-populated\">\n\t\t\t\t\t\t<div class=\"elementor-element elementor-element-aeedc90 elementor-cta--skin-cover elementor-cta--valign-bottom elementor-widget elementor-widget-call-to-action\" data-id=\"aeedc90\" data-element_type=\"widget\" data-e-type=\"widget\" data-widget_type=\"call-to-action.default\">\n\t\t\t\t<div class=\"elementor-widget-container\">\n\t\t\t\t\t\t\t<div class=\"elementor-cta\">\n\t\t\t\t\t<div class=\"elementor-cta__bg-wrapper\">\n\t\t\t\t<div class=\"elementor-cta__bg elementor-bg\" style=\"background-image: url(https:\/\/silviarico.com\/wp-content\/uploads\/2023\/10\/TERAPIAS1.jpg);\" role=\"img\" aria-label=\"Terapias Silvia Rico\"><\/div>\n\t\t\t\t<div class=\"elementor-cta__bg-overlay\"><\/div>\n\t\t\t<\/div>\n\t\t\t\t\t\t\t<div class=\"elementor-cta__content\">\n\t\t\t\t\n\t\t\t\t\n\t\t\t\t\n\t\t\t\t\t\t\t\t\t<div class=\"elementor-cta__button-wrapper elementor-cta__content-item elementor-content-item \">\n\t\t\t\t\t<a class=\"elementor-cta__button elementor-button elementor-size-xs\" href=\"https:\/\/silviarico.com\/ca\/terapies\/\">\n\t\t\t\t\t\tTer\u00e0pies\t\t\t\t\t<\/a>\n\t\t\t\t\t<\/div>\n\t\t\t\t\t\t\t<\/div>\n\t\t\t\t\t\t<\/div>\n\t\t\t\t\t\t<\/div>\n\t\t\t\t<\/div>\n\t\t\t\t\t<\/div>\n\t\t<\/div>\n\t\t\t\t<div class=\"elementor-column elementor-col-33 elementor-top-column elementor-element elementor-element-25e81c6\" data-id=\"25e81c6\" data-element_type=\"column\" data-e-type=\"column\">\n\t\t\t<div class=\"elementor-widget-wrap elementor-element-populated\">\n\t\t\t\t\t\t<div class=\"elementor-element elementor-element-e56257e elementor-cta--skin-cover elementor-cta--valign-bottom elementor-widget elementor-widget-call-to-action\" data-id=\"e56257e\" data-element_type=\"widget\" data-e-type=\"widget\" data-widget_type=\"call-to-action.default\">\n\t\t\t\t<div class=\"elementor-widget-container\">\n\t\t\t\t\t\t\t<div class=\"elementor-cta\">\n\t\t\t\t\t<div class=\"elementor-cta__bg-wrapper\">\n\t\t\t\t<div class=\"elementor-cta__bg elementor-bg\" style=\"background-image: url(https:\/\/silviarico.com\/wp-content\/uploads\/2023\/10\/TRATAMIENTOS-CABINA.jpg);\" role=\"img\" aria-label=\"Tratamientos cabina Silvia Rico\"><\/div>\n\t\t\t\t<div class=\"elementor-cta__bg-overlay\"><\/div>\n\t\t\t<\/div>\n\t\t\t\t\t\t\t<div class=\"elementor-cta__content\">\n\t\t\t\t\n\t\t\t\t\n\t\t\t\t\n\t\t\t\t\t\t\t\t\t<div class=\"elementor-cta__button-wrapper elementor-cta__content-item elementor-content-item \">\n\t\t\t\t\t<a class=\"elementor-cta__button elementor-button elementor-size-xs\" href=\"https:\/\/silviarico.com\/ca\/tractaments-en-cabina\/\">\n\t\t\t\t\t\tTrataments Cabina\t\t\t\t\t<\/a>\n\t\t\t\t\t<\/div>\n\t\t\t\t\t\t\t<\/div>\n\t\t\t\t\t\t<\/div>\n\t\t\t\t\t\t<\/div>\n\t\t\t\t<\/div>\n\t\t\t\t\t<\/div>\n\t\t<\/div>\n\t\t\t\t<div class=\"elementor-column elementor-col-33 elementor-top-column elementor-element elementor-element-025c67e\" data-id=\"025c67e\" data-element_type=\"column\" data-e-type=\"column\">\n\t\t\t<div class=\"elementor-widget-wrap elementor-element-populated\">\n\t\t\t\t\t\t<div class=\"elementor-element elementor-element-2512a9e elementor-cta--skin-cover elementor-cta--valign-bottom elementor-widget elementor-widget-call-to-action\" data-id=\"2512a9e\" data-element_type=\"widget\" data-e-type=\"widget\" data-widget_type=\"call-to-action.default\">\n\t\t\t\t<div class=\"elementor-widget-container\">\n\t\t\t\t\t\t\t<div class=\"elementor-cta\">\n\t\t\t\t\t<div class=\"elementor-cta__bg-wrapper\">\n\t\t\t\t<div class=\"elementor-cta__bg elementor-bg\" style=\"background-image: url(https:\/\/silviarico.com\/wp-content\/uploads\/2023\/10\/ASESORAM-PERS-1.jpg);\" role=\"img\" aria-label=\"Asesoramiento Silvia Rico\"><\/div>\n\t\t\t\t<div class=\"elementor-cta__bg-overlay\"><\/div>\n\t\t\t<\/div>\n\t\t\t\t\t\t\t<div class=\"elementor-cta__content\">\n\t\t\t\t\n\t\t\t\t\n\t\t\t\t\n\t\t\t\t\t\t\t\t\t<div class=\"elementor-cta__button-wrapper elementor-cta__content-item elementor-content-item \">\n\t\t\t\t\t<a class=\"elementor-cta__button elementor-button elementor-size-xs\" href=\"https:\/\/silviarico.com\/ca\/contacte\/\">\n\t\t\t\t\t\tAssessorament personalitzat online o botiga\t\t\t\t\t<\/a>\n\t\t\t\t\t<\/div>\n\t\t\t\t\t\t\t<\/div>\n\t\t\t\t\t\t<\/div>\n\t\t\t\t\t\t<\/div>\n\t\t\t\t<\/div>\n\t\t\t\t\t<\/div>\n\t\t<\/div>\n\t\t\t\t\t<\/div>\n\t\t<\/section>\n\t\t\t\t<section class=\"elementor-section elementor-top-section elementor-element elementor-element-85a91be elementor-section-boxed elementor-section-height-default elementor-section-height-default\" data-id=\"85a91be\" data-element_type=\"section\" data-e-type=\"section\">\n\t\t\t\t\t\t<div class=\"elementor-container elementor-column-gap-default\">\n\t\t\t\t\t<div class=\"elementor-column elementor-col-100 elementor-top-column elementor-element elementor-element-a895efb\" data-id=\"a895efb\" data-element_type=\"column\" data-e-type=\"column\">\n\t\t\t<div class=\"elementor-widget-wrap elementor-element-populated\">\n\t\t\t\t\t\t<div class=\"elementor-element elementor-element-5ff8fe8 elementor-widget elementor-widget-heading\" data-id=\"5ff8fe8\" data-element_type=\"widget\" data-e-type=\"widget\" data-widget_type=\"heading.default\">\n\t\t\t\t<div class=\"elementor-widget-container\">\n\t\t\t\t\t<h2 class=\"elementor-heading-title elementor-size-default\">Ter\u00e0pies<\/h2>\t\t\t\t<\/div>\n\t\t\t\t<\/div>\n\t\t\t\t<section class=\"elementor-section elementor-inner-section elementor-element elementor-element-ac4d4db elementor-section-boxed elementor-section-height-default elementor-section-height-default\" data-id=\"ac4d4db\" data-element_type=\"section\" data-e-type=\"section\">\n\t\t\t\t\t\t<div class=\"elementor-container elementor-column-gap-default\">\n\t\t\t\t\t<div class=\"elementor-column elementor-col-50 elementor-inner-column elementor-element elementor-element-fba3abd\" data-id=\"fba3abd\" data-element_type=\"column\" data-e-type=\"column\">\n\t\t\t<div class=\"elementor-widget-wrap elementor-element-populated\">\n\t\t\t\t\t\t<div class=\"elementor-element elementor-element-29b11ce elementor-widget elementor-widget-text-editor\" data-id=\"29b11ce\" data-element_type=\"widget\" data-e-type=\"widget\" data-widget_type=\"text-editor.default\">\n\t\t\t\t<div class=\"elementor-widget-container\">\n\t\t\t\t\t\t\t\t\t<p><strong>KINESOLOGIA<\/strong><br \/>Reequilibri de cos i ment<br \/><strong>60 min.<\/strong><\/p>\n\t\t\t\t\t\t\t\t<\/div>\n\t\t\t\t<\/div>\n\t\t\t\t<div class=\"elementor-element elementor-element-6ae2083 elementor-widget elementor-widget-text-editor\" data-id=\"6ae2083\" data-element_type=\"widget\" data-e-type=\"widget\" data-widget_type=\"text-editor.default\">\n\t\t\t\t<div class=\"elementor-widget-container\">\n\t\t\t\t\t\t\t\t\t<p><strong>AURICULOTER\u00c0PIA<br \/><\/strong>Treballem en l&#8217;orella: dolor, restrenyiment, insomni&#8230;<br \/><strong>60 min.<\/strong><\/p>\n\t\t\t\t\t\t\t\t<\/div>\n\t\t\t\t<\/div>\n\t\t\t\t\t<\/div>\n\t\t<\/div>\n\t\t\t\t<div class=\"elementor-column elementor-col-50 elementor-inner-column elementor-element elementor-element-d122570\" data-id=\"d122570\" data-element_type=\"column\" data-e-type=\"column\">\n\t\t\t<div class=\"elementor-widget-wrap elementor-element-populated\">\n\t\t\t\t\t\t<div class=\"elementor-element elementor-element-f28b9fb elementor-widget elementor-widget-text-editor\" data-id=\"f28b9fb\" data-element_type=\"widget\" data-e-type=\"widget\" data-widget_type=\"text-editor.default\">\n\t\t\t\t<div class=\"elementor-widget-container\">\n\t\t\t\t\t\t\t\t\t<p><strong>FLORS DE BACH PERSONALITZADES<\/strong><br \/>Treball emocional<br \/><strong>Noves 30 min.<\/strong><br \/><strong>Seguiment 10 min.<\/strong><\/p>\n\t\t\t\t\t\t\t\t<\/div>\n\t\t\t\t<\/div>\n\t\t\t\t<div class=\"elementor-element elementor-element-0ba6898 elementor-widget elementor-widget-text-editor\" data-id=\"0ba6898\" data-element_type=\"widget\" data-e-type=\"widget\" data-widget_type=\"text-editor.default\">\n\t\t\t\t<div class=\"elementor-widget-container\">\n\t\t\t\t\t\t\t\t\t<p><strong>MOXIBUSTI\u00d3<\/strong><br \/>Amb calor, treballem punts de bloqueig del cos<br \/><strong>60 min.<\/strong><\/p>\n\t\t\t\t\t\t\t\t<\/div>\n\t\t\t\t<\/div>\n\t\t\t\t\t<\/div>\n\t\t<\/div>\n\t\t\t\t\t<\/div>\n\t\t<\/section>\n\t\t\t\t\t<\/div>\n\t\t<\/div>\n\t\t\t\t\t<\/div>\n\t\t<\/section>\n\t\t\t\t<section class=\"elementor-section elementor-top-section elementor-element elementor-element-7560728 elementor-section-boxed elementor-section-height-default elementor-section-height-default\" data-id=\"7560728\" data-element_type=\"section\" data-e-type=\"section\">\n\t\t\t\t\t\t<div class=\"elementor-container elementor-column-gap-default\">\n\t\t\t\t\t<div class=\"elementor-column elementor-col-100 elementor-top-column elementor-element elementor-element-d0e9a26\" data-id=\"d0e9a26\" data-element_type=\"column\" data-e-type=\"column\">\n\t\t\t<div class=\"elementor-widget-wrap elementor-element-populated\">\n\t\t\t\t\t\t<section class=\"elementor-section elementor-inner-section elementor-element elementor-element-8f76cc7 elementor-hidden-mobile elementor-section-boxed elementor-section-height-default elementor-section-height-default\" data-id=\"8f76cc7\" data-element_type=\"section\" data-e-type=\"section\" data-settings=\"{&quot;background_background&quot;:&quot;gradient&quot;}\">\n\t\t\t\t\t\t<div class=\"elementor-container elementor-column-gap-default\">\n\t\t\t\t\t<div class=\"elementor-column elementor-col-50 elementor-inner-column elementor-element elementor-element-d1b5d28\" data-id=\"d1b5d28\" data-element_type=\"column\" data-e-type=\"column\">\n\t\t\t<div class=\"elementor-widget-wrap elementor-element-populated\">\n\t\t\t\t\t\t<div class=\"elementor-element elementor-element-33366d3 elementor-widget__width-auto elementor-absolute elementor-widget elementor-widget-text-editor\" data-id=\"33366d3\" data-element_type=\"widget\" data-e-type=\"widget\" data-settings=\"{&quot;_position&quot;:&quot;absolute&quot;}\" data-widget_type=\"text-editor.default\">\n\t\t\t\t<div class=\"elementor-widget-container\">\n\t\t\t\t\t\t\t\t\t<p><strong>BONS<\/strong><\/p>\n\t\t\t\t\t\t\t\t<\/div>\n\t\t\t\t<\/div>\n\t\t\t\t\t<\/div>\n\t\t<\/div>\n\t\t\t\t<div class=\"elementor-column elementor-col-50 elementor-inner-column elementor-element elementor-element-d2daa42\" data-id=\"d2daa42\" data-element_type=\"column\" data-e-type=\"column\" data-settings=\"{&quot;background_background&quot;:&quot;gradient&quot;}\">\n\t\t\t<div class=\"elementor-widget-wrap elementor-element-populated\">\n\t\t\t\t\t\t<div class=\"elementor-element elementor-element-d55b7b3 elementor-widget__width-initial elementor-widget elementor-widget-text-editor\" data-id=\"d55b7b3\" data-element_type=\"widget\" data-e-type=\"widget\" data-widget_type=\"text-editor.default\">\n\t\t\t\t<div class=\"elementor-widget-container\">\n\t\t\t\t\t\t\t\t\t<p><strong>KINESOLOGIA: 4 SESSIONS<\/strong><br \/><strong>AURICULOTER\u00c0PIA: 4 SESSIONES<\/strong><br \/><strong>MOXIBUSTI\u00d3: 4 SESSIONS<\/strong><\/p>\n\t\t\t\t\t\t\t\t<\/div>\n\t\t\t\t<\/div>\n\t\t\t\t\t<\/div>\n\t\t<\/div>\n\t\t\t\t\t<\/div>\n\t\t<\/section>\n\t\t\t\t<section class=\"elementor-section elementor-inner-section elementor-element elementor-element-117d359 elementor-hidden-desktop elementor-hidden-tablet elementor-section-boxed elementor-section-height-default elementor-section-height-default\" data-id=\"117d359\" data-element_type=\"section\" data-e-type=\"section\" data-settings=\"{&quot;background_background&quot;:&quot;classic&quot;}\">\n\t\t\t\t\t\t<div class=\"elementor-container elementor-column-gap-default\">\n\t\t\t\t\t<div class=\"elementor-column elementor-col-100 elementor-inner-column elementor-element elementor-element-b1ad1ba\" data-id=\"b1ad1ba\" data-element_type=\"column\" data-e-type=\"column\" data-settings=\"{&quot;background_background&quot;:&quot;classic&quot;}\">\n\t\t\t<div class=\"elementor-widget-wrap elementor-element-populated\">\n\t\t\t\t\t\t<div class=\"elementor-element elementor-element-dfe1bef elementor-widget__width-auto elementor-widget-mobile__width-initial elementor-widget elementor-widget-text-editor\" data-id=\"dfe1bef\" data-element_type=\"widget\" data-e-type=\"widget\" data-widget_type=\"text-editor.default\">\n\t\t\t\t<div class=\"elementor-widget-container\">\n\t\t\t\t\t\t\t\t\t<p><strong>BONS<\/strong><\/p>\n\t\t\t\t\t\t\t\t<\/div>\n\t\t\t\t<\/div>\n\t\t\t\t<div class=\"elementor-element elementor-element-7638a43 elementor-widget__width-initial elementor-widget elementor-widget-text-editor\" data-id=\"7638a43\" data-element_type=\"widget\" data-e-type=\"widget\" data-widget_type=\"text-editor.default\">\n\t\t\t\t<div class=\"elementor-widget-container\">\n\t\t\t\t\t\t\t\t\t<p><strong>KINESOLOGIA: 4 SESSIONS<\/strong><br \/><strong>AURICULOTER\u00c0PIA: 4 SESSIONES<\/strong><br \/><strong>MOXIBUSTI\u00d3: 4 SESSIONS<\/strong><\/p>\n\t\t\t\t\t\t\t\t<\/div>\n\t\t\t\t<\/div>\n\t\t\t\t\t<\/div>\n\t\t<\/div>\n\t\t\t\t\t<\/div>\n\t\t<\/section>\n\t\t\t\t\t<\/div>\n\t\t<\/div>\n\t\t\t\t\t<\/div>\n\t\t<\/section>\n\t\t\t\t<\/div>\n\t\t","protected":false},"excerpt":{"rendered":"<p>Ter\u00e0pies Trataments Cabina Assessorament personalitzat online o botiga Ter\u00e0pies KINESOLOGIAReequilibri de cos i ment60 min. AURICULOTER\u00c0PIATreballem en l&#8217;orella: dolor, restrenyiment, insomni&#8230;60 min. FLORS DE BACH PERSONALITZADESTreball emocionalNoves 30 min.Seguiment 10 min. MOXIBUSTI\u00d3Amb calor, treballem punts de bloqueig del cos60 min. BONS KINESOLOGIA: 4 SESSIONSAURICULOTER\u00c0PIA: 4 SESSIONESMOXIBUSTI\u00d3: 4 SESSIONS BONS KINESOLOGIA: 4 SESSIONSAURICULOTER\u00c0PIA: 4 SESSIONESMOXIBUSTI\u00d3: 4 &#8230; <a title=\"Ter\u00e0pies\" class=\"read-more\" href=\"https:\/\/silviarico.com\/ca\/terapies\/\" aria-label=\"M\u00e9s sobre Ter\u00e0pies\">Llegiu m\u00e9s<\/a><\/p>\n","protected":false},"author":1,"featured_media":0,"parent":0,"menu_order":0,"comment_status":"closed","ping_status":"closed","template":"","meta":{"footnotes":""},"class_list":["post-1396","page","type-page","status-publish"],"yoast_head":"<!-- This site is optimized with the Yoast SEO plugin v27.4 - https:\/\/yoast.com\/product\/yoast-seo-wordpress\/ -->\n<title>Ter\u00e0pies - Silvia Rico<\/title>\n<meta name=\"robots\" content=\"index, follow, max-snippet:-1, max-image-preview:large, max-video-preview:-1\" \/>\n<link rel=\"canonical\" href=\"https:\/\/silviarico.com\/ca\/terapies\/\" \/>\n<meta property=\"og:locale\" content=\"ca_ES\" \/>\n<meta property=\"og:type\" content=\"article\" \/>\n<meta property=\"og:title\" content=\"Ter\u00e0pies - Silvia Rico\" \/>\n<meta property=\"og:description\" content=\"Ter\u00e0pies Trataments Cabina Assessorament personalitzat online o botiga Ter\u00e0pies KINESOLOGIAReequilibri de cos i ment60 min. AURICULOTER\u00c0PIATreballem en l&#8217;orella: dolor, restrenyiment, insomni&#8230;60 min. FLORS DE BACH PERSONALITZADESTreball emocionalNoves 30 min.Seguiment 10 min. MOXIBUSTI\u00d3Amb calor, treballem punts de bloqueig del cos60 min. BONS KINESOLOGIA: 4 SESSIONSAURICULOTER\u00c0PIA: 4 SESSIONESMOXIBUSTI\u00d3: 4 SESSIONS BONS KINESOLOGIA: 4 SESSIONSAURICULOTER\u00c0PIA: 4 SESSIONESMOXIBUSTI\u00d3: 4 ... Llegiu m\u00e9s\" \/>\n<meta property=\"og:url\" content=\"https:\/\/silviarico.com\/ca\/terapies\/\" \/>\n<meta property=\"og:site_name\" content=\"Silvia Rico\" \/>\n<meta property=\"article:modified_time\" content=\"2023-10-31T12:48:08+00:00\" \/>\n<meta name=\"twitter:card\" content=\"summary_large_image\" \/>\n<script type=\"application\/ld+json\" class=\"yoast-schema-graph\">{\"@context\":\"https:\\\/\\\/schema.org\",\"@graph\":[{\"@type\":\"WebPage\",\"@id\":\"https:\\\/\\\/silviarico.com\\\/ca\\\/terapies\\\/\",\"url\":\"https:\\\/\\\/silviarico.com\\\/ca\\\/terapies\\\/\",\"name\":\"Ter\u00e0pies - Silvia Rico\",\"isPartOf\":{\"@id\":\"https:\\\/\\\/silviarico.com\\\/#website\"},\"datePublished\":\"2023-07-03T14:56:52+00:00\",\"dateModified\":\"2023-10-31T12:48:08+00:00\",\"breadcrumb\":{\"@id\":\"https:\\\/\\\/silviarico.com\\\/ca\\\/terapies\\\/#breadcrumb\"},\"inLanguage\":\"ca\",\"potentialAction\":[{\"@type\":\"ReadAction\",\"target\":[\"https:\\\/\\\/silviarico.com\\\/ca\\\/terapies\\\/\"]}]},{\"@type\":\"BreadcrumbList\",\"@id\":\"https:\\\/\\\/silviarico.com\\\/ca\\\/terapies\\\/#breadcrumb\",\"itemListElement\":[{\"@type\":\"ListItem\",\"position\":1,\"name\":\"Portada\",\"item\":\"https:\\\/\\\/silviarico.com\\\/ca\\\/inici\\\/\"},{\"@type\":\"ListItem\",\"position\":2,\"name\":\"Ter\u00e0pies\"}]},{\"@type\":\"WebSite\",\"@id\":\"https:\\\/\\\/silviarico.com\\\/#website\",\"url\":\"https:\\\/\\\/silviarico.com\\\/\",\"name\":\"Silvia Rico\",\"description\":\"S\u00f3lo otro sitio de WordPress\",\"publisher\":{\"@id\":\"https:\\\/\\\/silviarico.com\\\/#organization\"},\"potentialAction\":[{\"@type\":\"SearchAction\",\"target\":{\"@type\":\"EntryPoint\",\"urlTemplate\":\"https:\\\/\\\/silviarico.com\\\/?s={search_term_string}\"},\"query-input\":{\"@type\":\"PropertyValueSpecification\",\"valueRequired\":true,\"valueName\":\"search_term_string\"}}],\"inLanguage\":\"ca\"},{\"@type\":\"Organization\",\"@id\":\"https:\\\/\\\/silviarico.com\\\/#organization\",\"name\":\"Silvia Rico\",\"url\":\"https:\\\/\\\/silviarico.com\\\/\",\"logo\":{\"@type\":\"ImageObject\",\"inLanguage\":\"ca\",\"@id\":\"https:\\\/\\\/silviarico.com\\\/#\\\/schema\\\/logo\\\/image\\\/\",\"url\":\"https:\\\/\\\/silviarico.com\\\/wp-content\\\/uploads\\\/2023\\\/07\\\/LOGOsilviaRICOok.png\",\"contentUrl\":\"https:\\\/\\\/silviarico.com\\\/wp-content\\\/uploads\\\/2023\\\/07\\\/LOGOsilviaRICOok.png\",\"width\":600,\"height\":292,\"caption\":\"Silvia Rico\"},\"image\":{\"@id\":\"https:\\\/\\\/silviarico.com\\\/#\\\/schema\\\/logo\\\/image\\\/\"}}]}<\/script>\n<!-- \/ Yoast SEO plugin. -->","yoast_head_json":{"title":"Ter\u00e0pies - Silvia Rico","robots":{"index":"index","follow":"follow","max-snippet":"max-snippet:-1","max-image-preview":"max-image-preview:large","max-video-preview":"max-video-preview:-1"},"canonical":"https:\/\/silviarico.com\/ca\/terapies\/","og_locale":"ca_ES","og_type":"article","og_title":"Ter\u00e0pies - Silvia Rico","og_description":"Ter\u00e0pies Trataments Cabina Assessorament personalitzat online o botiga Ter\u00e0pies KINESOLOGIAReequilibri de cos i ment60 min. AURICULOTER\u00c0PIATreballem en l&#8217;orella: dolor, restrenyiment, insomni&#8230;60 min. FLORS DE BACH PERSONALITZADESTreball emocionalNoves 30 min.Seguiment 10 min. MOXIBUSTI\u00d3Amb calor, treballem punts de bloqueig del cos60 min. BONS KINESOLOGIA: 4 SESSIONSAURICULOTER\u00c0PIA: 4 SESSIONESMOXIBUSTI\u00d3: 4 SESSIONS BONS KINESOLOGIA: 4 SESSIONSAURICULOTER\u00c0PIA: 4 SESSIONESMOXIBUSTI\u00d3: 4 ... Llegiu m\u00e9s","og_url":"https:\/\/silviarico.com\/ca\/terapies\/","og_site_name":"Silvia Rico","article_modified_time":"2023-10-31T12:48:08+00:00","twitter_card":"summary_large_image","schema":{"@context":"https:\/\/schema.org","@graph":[{"@type":"WebPage","@id":"https:\/\/silviarico.com\/ca\/terapies\/","url":"https:\/\/silviarico.com\/ca\/terapies\/","name":"Ter\u00e0pies - Silvia Rico","isPartOf":{"@id":"https:\/\/silviarico.com\/#website"},"datePublished":"2023-07-03T14:56:52+00:00","dateModified":"2023-10-31T12:48:08+00:00","breadcrumb":{"@id":"https:\/\/silviarico.com\/ca\/terapies\/#breadcrumb"},"inLanguage":"ca","potentialAction":[{"@type":"ReadAction","target":["https:\/\/silviarico.com\/ca\/terapies\/"]}]},{"@type":"BreadcrumbList","@id":"https:\/\/silviarico.com\/ca\/terapies\/#breadcrumb","itemListElement":[{"@type":"ListItem","position":1,"name":"Portada","item":"https:\/\/silviarico.com\/ca\/inici\/"},{"@type":"ListItem","position":2,"name":"Ter\u00e0pies"}]},{"@type":"WebSite","@id":"https:\/\/silviarico.com\/#website","url":"https:\/\/silviarico.com\/","name":"Silvia Rico","description":"S\u00f3lo otro sitio de WordPress","publisher":{"@id":"https:\/\/silviarico.com\/#organization"},"potentialAction":[{"@type":"SearchAction","target":{"@type":"EntryPoint","urlTemplate":"https:\/\/silviarico.com\/?s={search_term_string}"},"query-input":{"@type":"PropertyValueSpecification","valueRequired":true,"valueName":"search_term_string"}}],"inLanguage":"ca"},{"@type":"Organization","@id":"https:\/\/silviarico.com\/#organization","name":"Silvia Rico","url":"https:\/\/silviarico.com\/","logo":{"@type":"ImageObject","inLanguage":"ca","@id":"https:\/\/silviarico.com\/#\/schema\/logo\/image\/","url":"https:\/\/silviarico.com\/wp-content\/uploads\/2023\/07\/LOGOsilviaRICOok.png","contentUrl":"https:\/\/silviarico.com\/wp-content\/uploads\/2023\/07\/LOGOsilviaRICOok.png","width":600,"height":292,"caption":"Silvia Rico"},"image":{"@id":"https:\/\/silviarico.com\/#\/schema\/logo\/image\/"}}]}},"_links":{"self":[{"href":"https:\/\/silviarico.com\/ca\/wp-json\/wp\/v2\/pages\/1396","targetHints":{"allow":["GET"]}}],"collection":[{"href":"https:\/\/silviarico.com\/ca\/wp-json\/wp\/v2\/pages"}],"about":[{"href":"https:\/\/silviarico.com\/ca\/wp-json\/wp\/v2\/types\/page"}],"author":[{"embeddable":true,"href":"https:\/\/silviarico.com\/ca\/wp-json\/wp\/v2\/users\/1"}],"replies":[{"embeddable":true,"href":"https:\/\/silviarico.com\/ca\/wp-json\/wp\/v2\/comments?post=1396"}],"version-history":[{"count":3,"href":"https:\/\/silviarico.com\/ca\/wp-json\/wp\/v2\/pages\/1396\/revisions"}],"predecessor-version":[{"id":1529,"href":"https:\/\/silviarico.com\/ca\/wp-json\/wp\/v2\/pages\/1396\/revisions\/1529"}],"wp:attachment":[{"href":"https:\/\/silviarico.com\/ca\/wp-json\/wp\/v2\/media?parent=1396"}],"curies":[{"name":"wp","href":"https:\/\/api.w.org\/{rel}","templated":true}]}}